{"id":1,"date":"2019-09-10T12:09:19","date_gmt":"2019-09-10T12:09:19","guid":{"rendered":"https:\/\/saintmichel.com-own.fr\/?p=1"},"modified":"2025-03-20T09:39:59","modified_gmt":"2025-03-20T08:39:59","slug":"home","status":"publish","type":"page","link":"https:\/\/saintmichel.com-own.fr\/","title":{"rendered":"Home"},"content":{"rendered":"<h1>restaurant bistronomique<\/h1>\n<div>\n<p>Rue de l&rsquo;\u00e9glise, 17<br \/>La Roche en Ardenne &#8211; 6980<\/p>\n<\/div>\n<h3>horaires<\/h3>\n<ul>\n<li>\n<h3>Lundi au Vendredi<\/h3>\n<p>10am \u2013 7pm<\/p>\n<\/li>\n<li>\n<h3>Samedi<\/h3>\n<p>10am \u2013 6pm<\/p>\n<\/li>\n<li>\n<h3>Dimanche<\/h3>\n<p>10am \u2013 6pm<\/p>\n<\/li>\n<\/ul>\n<h2>La carte<\/h2>\n<h2>cocktails<\/h2>\n<table>\n<tbody>\n<tr>\n<td> Coco Spice<\/td>\n<td>32 \u20ac<\/td>\n<td>\n<div class=\"el-content uk-panel uk-text-meta\">\n<p>Captain Morgan spiced rum, pineaple juice, cocount<\/p>\n<\/div>\n<\/td>\n<\/tr>\n<tr>\n<td>Tequila sunrise <\/td>\n<td>25 \u20ac<\/td>\n<td>\n<div class=\"el-content uk-panel uk-text-meta\">\n<p class=\"eltdf-pricing-desc\">Tequila, orange juice, grenadine<\/p>\n<\/div>\n<\/td>\n<\/tr>\n<tr>\n<td>Cuba libre<\/td>\n<td>12 \u20ac<\/td>\n<td>\n<p class=\"eltdf-pricing-desc\">Dark rum, fresh lime, Coke<\/p>\n<\/td>\n<\/tr>\n<\/tbody>\n<\/table>\n<h2>VINS<\/h2>\n<table>\n<tbody>\n<tr>\n<td>Chardonnay<\/td>\n<td>30 \u20ac<\/td>\n<\/tr>\n<tr>\n<td>Coteaux du Layon<\/td>\n<td>25 \u20ac<\/td>\n<\/tr>\n<tr>\n<td>Pinot noir<\/td>\n<td>12 \u20ac<\/td>\n<\/tr>\n<\/tbody>\n<\/table>\n<h2>Entr\u00e9es<\/h2>\n<table>\n<tbody>\n<tr>\n<td>Tartare de Saumon Fum\u00e9<\/td>\n<td>14 \u20ac<\/td>\n<td>\n<p>Tartare de saumon fum\u00e9 maison, avocat, citron vert et c\u00e2pres<\/p>\n<\/td>\n<\/tr>\n<tr>\n<td>Velout\u00e9 de Ch\u00e2taignes et C\u00e8pes<\/td>\n<td>15 \u20ac<\/td>\n<td>\n<p>Velout\u00e9 de ch\u00e2taignes et c\u00e8pes, \u00e0 la truffe, cr\u00e8me fouett\u00e9e.<\/p>\n<\/td>\n<\/tr>\n<tr>\n<td>Salade de Poulpe Grill\u00e9<\/td>\n<td>17 \u20ac<\/td>\n<td>\n<p>Poulpe grill\u00e9 marin\u00e9 aux herbes, roquette, tomates cerises et olives noires, vinaigrette au citron.<\/p>\n<\/td>\n<\/tr>\n<\/tbody>\n<\/table>\n<h2>Plats<\/h2>\n<table>\n<tbody>\n<tr>\n<td>Magret de Canard R\u00f4ti<\/td>\n<td>28 \u20ac<\/td>\n<td>\n<p>Magret de canard r\u00f4ti au miel et aux \u00e9pices, accompagn\u00e9 de pommes de terre fondantes et d&rsquo;une sauce aux fruits rouges.<\/p>\n<\/td>\n<\/tr>\n<tr>\n<td>Filet de B\u0153uf Rossini<\/td>\n<td>35 \u20ac<\/td>\n<td>\n<p>Filet de b\u0153uf po\u00eal\u00e9, foie gras po\u00eal\u00e9, pommes de terre saut\u00e9es et sauce P\u00e9rigueux.<\/p>\n<\/td>\n<\/tr>\n<tr>\n<td>Risotto aux Champignons Sauvages<\/td>\n<td>22 \u20ac<\/td>\n<td>\n<p>Risotto cr\u00e9meux aux champignons sauvages, parmesan et persil, fini avec une touche de truffe.<\/p>\n<\/td>\n<\/tr>\n<\/tbody>\n<\/table>\n<h2>desserts<\/h2>\n<table>\n<tbody>\n<tr>\n<td>Tarte Tatin Caram\u00e9lis\u00e9e<\/td>\n<td>10 \u20ac<\/td>\n<td>\n<p>Tarte Tatin aux pommes caram\u00e9lis\u00e9es, servie avec une boule de glace \u00e0 la vanille et un filet de caramel au beurre sal\u00e9.<\/p>\n<\/td>\n<\/tr>\n<tr>\n<td>Mousse au Chocolat Noir<\/td>\n<td>12 \u20ac<\/td>\n<td>\n<p>Mousse onctueuse au chocolat noir 70%, accompagn\u00e9e de tuiles aux amandes et d&rsquo;un coulis de framboises.<\/p>\n<\/td>\n<\/tr>\n<tr>\n<td>Panna Cotta aux Fruits Rouges<\/td>\n<td>8 \u20ac<\/td>\n<td>\n<p>Panna cotta \u00e0 la vanille, coulis de fruits rouges et biscuit croquant aux amandes.<\/p>\n<\/td>\n<\/tr>\n<\/tbody>\n<\/table>\n<ul>\n<li>\n<p>        <img decoding=\"async\" src=\"\/wp-content\/uploads\/yootheme\/home-products-01.png\" alt=\"\"><\/p>\n<h3>Pretzel Rolls<\/h3>\n<\/li>\n<li>\n<p>        <img decoding=\"async\" src=\"\/wp-content\/uploads\/yootheme\/home-products-02.png\" alt=\"\"><\/p>\n<h3>Land Bread<\/h3>\n<div>Lorem ipsum dolor sit amet, consectetuer adipiscing elit. Aenean commodo ligula eget dolor. Aenean massa.<\/div>\n<\/li>\n<li>\n<p>        <img decoding=\"async\" src=\"\/wp-content\/uploads\/yootheme\/home-products-03.png\" alt=\"\"><\/p>\n<h3>Chocolate Cake<\/h3>\n<div>\n<p>Lorem ipsum dolor sit amet, consectetuer adipiscing elit. Aenean commodo ligula eget dolor. Aenean massa.<\/p>\n<\/div>\n<\/li>\n<li>\n<p>        <img decoding=\"async\" src=\"\/wp-content\/uploads\/yootheme\/home-products-04.png\" alt=\"\"><\/p>\n<h3>Prezel<\/h3>\n<div>\n<p>Lorem ipsum dolor sit amet, consectetuer adipiscing elit. Aenean commodo ligula eget dolor. Aenean massa.<\/p>\n<\/div>\n<\/li>\n<li>\n<p>        <img decoding=\"async\" src=\"\/wp-content\/uploads\/yootheme\/home-products-05.png\" alt=\"\"><\/p>\n<h3>Sourdough Bread<\/h3>\n<div>Lorem ipsum dolor sit amet, consectetuer adipiscing elit. Aenean commodo ligula eget dolor. Aenean massa.<\/div>\n<\/li>\n<\/ul>\n<h2>Nous trouver<\/h2>\n<div>\n<p>Rue de l&rsquo;\u00e9glise, 17<br \/>La Roche en Ardenne &#8211; 6980<\/p>\n<\/div>\n<div>\n<p>50.18248805,5.575351189962818<\/p>\n<\/div>\n<p><!--more--><br \/>\n<!-- {\"name\":\"Home\",\"type\":\"layout\",\"children\":[{\"name\":\"Hero\",\"type\":\"section\",\"props\":{\"height\":\"full\",\"image\":\"wp-content\\\/uploads\\\/2025\\\/01\\\/AdobeStock_881178329-scaled.jpeg\",\"image_position\":\"center-center\",\"image_size\":\"cover\",\"image_width\":\"2560\",\"padding\":\"small\",\"style\":\"default\",\"text_color\":\"light\",\"title_breakpoint\":\"xl\",\"title_position\":\"top-left\",\"title_rotation\":\"left\",\"vertical_align\":\"middle\",\"width\":\"large\"},\"children\":[{\"name\":\"\",\"type\":\"row\",\"children\":[{\"name\":\"\",\"type\":\"column\",\"props\":{\"image_position\":\"center-center\",\"media_overlay_gradient\":\"\",\"position_sticky_breakpoint\":\"m\",\"width_medium\":\"1-1\"},\"children\":[{\"name\":\"\",\"type\":\"headline\",\"props\":{\"block_align\":\"center\",\"content\":\"restaurant bistronomique\",\"maxwidth\":\"xlarge\",\"text_align\":\"center\",\"title_element\":\"h1\",\"title_style\":\"heading-medium\"}},{\"name\":\"\",\"type\":\"text\",\"props\":{\"column_breakpoint\":\"m\",\"content\":\"\n\n<p>Rue de l'\\u00e9glise, 17<br \\\/>La Roche en Ardenne - 6980<\\\/p>\",\"margin\":\"\",\"margin_remove_bottom\":false,\"text_align\":\"center\",\"text_style\":\"lead\"}}]}]}]},{\"name\":\"Opening Hours\",\"type\":\"section\",\"props\":{\"class\":\"uk-overflow-hidden\",\"image_position\":\"center-center\",\"overlap\":false,\"padding_remove_bottom\":false,\"style\":\"default\",\"title_breakpoint\":\"xl\",\"title_position\":\"top-left\",\"title_rotation\":\"left\",\"vertical_align\":\"middle\",\"width\":\"\"},\"children\":[{\"name\":\"\",\"type\":\"row\",\"props\":{\"column_gap\":\"large\",\"divider\":true,\"margin\":\"xlarge\",\"margin_remove_top\":false,\"row_gap\":\"large\",\"vertical_align\":true,\"width\":\"large\"},\"children\":[{\"name\":\"\",\"type\":\"column\",\"props\":{\"image_position\":\"center-center\",\"media_overlay_gradient\":\"\",\"position_sticky_breakpoint\":\"m\",\"vertical_align\":\"middle\",\"width_medium\":\"\"},\"children\":[{\"name\":\"\",\"type\":\"headline\",\"props\":{\"content\":\"horaires\",\"text_align\":\"center\",\"title_element\":\"h3\",\"title_style\":\"h1\"}},{\"name\":\"\",\"type\":\"description_list\",\"props\":{\"block_align\":\"center\",\"column_breakpoint\":\"m\",\"layout\":\"grid-2-m\",\"list_element\":\"ol\",\"list_size\":\"\",\"maxwidth\":\"medium\",\"meta_align\":\"below-content\",\"meta_style\":\"\",\"show_content\":true,\"show_link\":true,\"show_meta\":true,\"show_title\":true,\"title_element\":\"div\",\"title_grid_breakpoint\":\"\",\"title_grid_column_gap\":\"small\",\"title_grid_row_gap\":\"small\",\"title_grid_width\":\"expand\",\"title_leader\":false},\"children\":[{\"name\":\"\",\"type\":\"description_list_item\",\"props\":{\"content\":\"\",\"meta\":\"10am \\u2013 7pm\",\"title\":\"Lundi au Vendredi\"}},{\"name\":\"\",\"type\":\"description_list_item\",\"props\":{\"content\":\"\",\"meta\":\"10am \\u2013 6pm\",\"title\":\"Samedi\"}},{\"name\":\"\",\"type\":\"description_list_item\",\"props\":{\"content\":\"\",\"meta\":\"10am \\u2013 6pm\",\"title\":\"Dimanche\"}}]}]}]}]},{\"name\":\"Gallery\",\"type\":\"section\",\"props\":{\"image_position\":\"center-center\",\"padding_remove_top\":true,\"style\":\"default\",\"title_breakpoint\":\"xl\",\"title_position\":\"top-left\",\"title_rotation\":\"left\",\"vertical_align\":\"middle\",\"width\":\"\"},\"children\":[{\"name\":\"\",\"type\":\"row\",\"props\":{\"column_gap\":\"small\",\"layout\":\"1-2,1-4,1-4|1-1,1-2,1-2\",\"margin\":\"xlarge\",\"row_gap\":\"small\"},\"children\":[{\"name\":\"\",\"type\":\"column\",\"props\":{\"css\":\".el-column {\\n\\tmin-height: 550px;\\n}\\n\\n@media (min-width: 1200px) {\\n    .el-column { min-height: 650px; }\\n}\\n\\n@media (min-width: 1921px) {\\n    .el-column { min-height: 750px; }\\n}\",\"image\":\"wp-content\\\/uploads\\\/2025\\\/03\\\/IMG-20241107-WA0001.jpg\",\"image_position\":\"center-center\",\"image_size\":\"cover\",\"media_overlay_gradient\":\"\",\"position_sticky_breakpoint\":\"m\",\"width_large\":\"1-2\",\"width_medium\":\"1-1\"}},{\"name\":\"\",\"type\":\"column\",\"props\":{\"css\":\".el-column {\\n\\tmin-height: 300px;\\n}\",\"image\":\"wp-content\\\/uploads\\\/2025\\\/03\\\/IMG-20241107-WA0004.jpg\",\"image_position\":\"center-center\",\"image_size\":\"cover\",\"media_overlay_gradient\":\"\",\"position_sticky_breakpoint\":\"m\",\"width_large\":\"1-4\",\"width_medium\":\"1-2\"}},{\"name\":\"\",\"type\":\"column\",\"props\":{\"css\":\".el-column {\\n\\tmin-height: 300px;\\n}\",\"image\":\"wp-content\\\/uploads\\\/2025\\\/03\\\/IMG-20241107-WA0005.jpg\",\"image_position\":\"center-center\",\"image_size\":\"cover\",\"media_overlay_gradient\":\"\",\"position_sticky_breakpoint\":\"m\",\"width_large\":\"1-4\",\"width_medium\":\"1-2\"}}]}]},{\"name\":\"Products\",\"type\":\"section\",\"props\":{\"image\":\"\",\"image_effect\":\"parallax\",\"image_parallax_bgy\":\"300,450\",\"image_parallax_easing\":\"1\",\"image_position\":\"bottom-right\",\"image_width\":\"700\",\"style\":\"default\",\"title_breakpoint\":\"xl\",\"title_position\":\"top-left\",\"title_rotation\":\"left\",\"vertical_align\":\"middle\",\"width\":\"\"},\"children\":[{\"name\":\"\",\"type\":\"row\",\"props\":{\"margin_remove_bottom\":true,\"width\":\"large\"},\"children\":[{\"name\":\"\",\"type\":\"column\",\"props\":{\"image_position\":\"center-center\",\"media_overlay_gradient\":\"\",\"position_sticky_breakpoint\":\"m\",\"width_medium\":\"1-1\"},\"children\":[{\"name\":\"\",\"type\":\"headline\",\"props\":{\"block_align\":\"center\",\"content\":\"La carte\",\"margin\":\"medium\",\"maxwidth\":\"xlarge\",\"text_align\":\"center\",\"title_element\":\"h2\",\"title_style\":\"heading-small\"}}]}]},{\"type\":\"row\",\"props\":{\"alignment\":\"center\",\"width\":\"small\"},\"children\":[{\"type\":\"column\",\"props\":{\"image_position\":\"center-center\",\"media_overlay_gradient\":\"\",\"position_sticky_breakpoint\":\"m\"},\"children\":[{\"name\":\"\",\"type\":\"headline\",\"props\":{\"block_align\":\"center\",\"content\":\"cocktails\",\"margin\":\"medium\",\"margin_remove_bottom\":true,\"maxwidth\":\"xlarge\",\"text_align\":\"center\",\"title_color\":\"primary\",\"title_element\":\"h2\",\"title_style\":\"h2\"}},{\"type\":\"table\",\"props\":{\"block_align\":\"center\",\"content_style\":\"text-meta\",\"image_svg_color\":\"emphasis\",\"link_style\":\"default\",\"link_text\":\"Read more\",\"maxwidth\":\"2xlarge\",\"meta_color\":\"primary\",\"meta_style\":\"h4\",\"show_content\":true,\"show_image\":true,\"show_link\":true,\"show_meta\":true,\"show_title\":true,\"table_order\":\"3\",\"table_responsive\":\"overflow\",\"table_width_meta\":\"shrink\",\"table_width_title\":\"shrink\",\"title_style\":\"h4\"},\"children\":[{\"type\":\"table_item\",\"props\":{\"content\":\"\n\n<div class=\\\"el-content uk-panel uk-text-meta\\\">\\n\n\n<p>Captain Morgan spiced rum, pineaple juice, cocount<\\\/p>\\n<\\\/div>\",\"meta\":\"32 \\u20ac\",\"title\":\" Coco Spice\"}},{\"type\":\"table_item\",\"props\":{\"content\":\"\n\n<div class=\\\"el-content uk-panel uk-text-meta\\\">\\n\n\n<p class=\\\"eltdf-pricing-desc\\\">Tequila, orange juice, grenadine<\\\/p>\\n<\\\/div>\",\"meta\":\"25 \\u20ac\",\"title\":\"Tequila sunrise \"}},{\"type\":\"table_item\",\"props\":{\"content\":\"\n\n<p class=\\\"eltdf-pricing-desc\\\">Dark rum, fresh lime, Coke<\\\/p>\",\"meta\":\"12 \\u20ac\",\"title\":\"Cuba libre\"}}]}]}]},{\"type\":\"row\",\"props\":{\"alignment\":\"center\",\"width\":\"small\"},\"children\":[{\"type\":\"column\",\"props\":{\"image_position\":\"center-center\",\"media_overlay_gradient\":\"\",\"position_sticky_breakpoint\":\"m\"},\"children\":[{\"name\":\"\",\"type\":\"headline\",\"props\":{\"block_align\":\"center\",\"content\":\"VINS\",\"margin\":\"medium\",\"margin_remove_bottom\":true,\"maxwidth\":\"xlarge\",\"text_align\":\"center\",\"title_color\":\"primary\",\"title_element\":\"h2\",\"title_style\":\"h2\"}},{\"type\":\"table\",\"props\":{\"block_align\":\"center\",\"content_style\":\"text-meta\",\"image_svg_color\":\"emphasis\",\"link_style\":\"default\",\"link_text\":\"Read more\",\"maxwidth\":\"2xlarge\",\"meta_color\":\"primary\",\"meta_style\":\"h4\",\"show_content\":true,\"show_image\":true,\"show_link\":true,\"show_meta\":true,\"show_title\":true,\"table_last_align\":\"right\",\"table_order\":\"3\",\"table_responsive\":\"overflow\",\"table_width_content\":\"shrink\",\"table_width_meta\":\"shrink\",\"table_width_title\":\"shrink\",\"title_style\":\"h4\"},\"children\":[{\"type\":\"table_item\",\"props\":{\"content\":\"\",\"meta\":\"30 \\u20ac\",\"title\":\"Chardonnay\"}},{\"type\":\"table_item\",\"props\":{\"content\":\"\",\"meta\":\"25 \\u20ac\",\"title\":\"Coteaux du Layon\"}},{\"type\":\"table_item\",\"props\":{\"content\":\"\",\"meta\":\"12 \\u20ac\",\"title\":\"Pinot noir\"}}]}]}]},{\"type\":\"row\",\"props\":{\"alignment\":\"center\",\"width\":\"small\"},\"children\":[{\"type\":\"column\",\"props\":{\"image_position\":\"center-center\",\"media_overlay_gradient\":\"\",\"position_sticky_breakpoint\":\"m\"},\"children\":[{\"name\":\"\",\"type\":\"headline\",\"props\":{\"block_align\":\"center\",\"content\":\"Entr\\u00e9es\",\"margin\":\"medium\",\"margin_remove_bottom\":true,\"maxwidth\":\"xlarge\",\"text_align\":\"center\",\"title_color\":\"primary\",\"title_element\":\"h2\",\"title_style\":\"h2\"}},{\"type\":\"table\",\"props\":{\"block_align\":\"center\",\"content_style\":\"text-meta\",\"image_svg_color\":\"emphasis\",\"link_style\":\"default\",\"link_text\":\"Read more\",\"maxwidth\":\"2xlarge\",\"meta_color\":\"primary\",\"meta_style\":\"h4\",\"show_content\":true,\"show_image\":true,\"show_link\":true,\"show_meta\":true,\"show_title\":true,\"table_last_align\":\"right\",\"table_order\":\"3\",\"table_responsive\":\"overflow\",\"table_width_content\":\"\",\"table_width_meta\":\"shrink\",\"table_width_title\":\"\",\"title_style\":\"h4\"},\"children\":[{\"type\":\"table_item\",\"props\":{\"content\":\"\n\n<p>Tartare de saumon fum\\u00e9 maison, avocat, citron vert et c\\u00e2pres<\\\/p>\",\"meta\":\"14 \\u20ac\",\"title\":\"Tartare de Saumon Fum\\u00e9\"}},{\"type\":\"table_item\",\"props\":{\"content\":\"\n\n<p>Velout\\u00e9 de ch\\u00e2taignes et c\\u00e8pes, \\u00e0 la truffe, cr\\u00e8me fouett\\u00e9e.<\\\/p>\",\"meta\":\"15 \\u20ac\",\"title\":\"Velout\\u00e9 de Ch\\u00e2taignes et C\\u00e8pes\"}},{\"type\":\"table_item\",\"props\":{\"content\":\"\n\n<p>Poulpe grill\\u00e9 marin\\u00e9 aux herbes, roquette, tomates cerises et olives noires, vinaigrette au citron.<\\\/p>\",\"meta\":\"17 \\u20ac\",\"title\":\"Salade de Poulpe Grill\\u00e9\"}}]}]}]},{\"type\":\"row\",\"props\":{\"alignment\":\"center\",\"width\":\"small\"},\"children\":[{\"type\":\"column\",\"props\":{\"image_position\":\"center-center\",\"media_overlay_gradient\":\"\",\"position_sticky_breakpoint\":\"m\"},\"children\":[{\"name\":\"\",\"type\":\"headline\",\"props\":{\"block_align\":\"center\",\"content\":\"Plats\",\"margin\":\"medium\",\"margin_remove_bottom\":true,\"maxwidth\":\"xlarge\",\"text_align\":\"center\",\"title_color\":\"primary\",\"title_element\":\"h2\",\"title_style\":\"h2\"}},{\"type\":\"table\",\"props\":{\"block_align\":\"center\",\"content_style\":\"text-meta\",\"image_svg_color\":\"emphasis\",\"link_style\":\"default\",\"link_text\":\"Read more\",\"maxwidth\":\"2xlarge\",\"meta_color\":\"primary\",\"meta_style\":\"h4\",\"show_content\":true,\"show_image\":true,\"show_link\":true,\"show_meta\":true,\"show_title\":true,\"table_last_align\":\"right\",\"table_order\":\"3\",\"table_responsive\":\"overflow\",\"table_width_content\":\"\",\"table_width_meta\":\"shrink\",\"table_width_title\":\"\",\"title_style\":\"h4\"},\"children\":[{\"type\":\"table_item\",\"props\":{\"content\":\"\n\n<p>Magret de canard r\\u00f4ti au miel et aux \\u00e9pices, accompagn\\u00e9 de pommes de terre fondantes et d'une sauce aux fruits rouges.<\\\/p>\",\"meta\":\"28 \\u20ac\",\"title\":\"Magret de Canard R\\u00f4ti\"}},{\"type\":\"table_item\",\"props\":{\"content\":\"\n\n<p>Filet de b\\u0153uf po\\u00eal\\u00e9, foie gras po\\u00eal\\u00e9, pommes de terre saut\\u00e9es et sauce P\\u00e9rigueux.<\\\/p>\",\"meta\":\"35 \\u20ac\",\"title\":\"Filet de B\\u0153uf Rossini\"}},{\"type\":\"table_item\",\"props\":{\"content\":\"\n\n<p>Risotto cr\\u00e9meux aux champignons sauvages, parmesan et persil, fini avec une touche de truffe.<\\\/p>\",\"meta\":\"22 \\u20ac\",\"title\":\"Risotto aux Champignons Sauvages\"}}]}]}]},{\"type\":\"row\",\"props\":{\"alignment\":\"center\",\"width\":\"small\"},\"children\":[{\"type\":\"column\",\"props\":{\"image_position\":\"center-center\",\"media_overlay_gradient\":\"\",\"position_sticky_breakpoint\":\"m\"},\"children\":[{\"name\":\"\",\"type\":\"headline\",\"props\":{\"block_align\":\"center\",\"content\":\"desserts\",\"margin\":\"medium\",\"margin_remove_bottom\":true,\"maxwidth\":\"xlarge\",\"text_align\":\"center\",\"title_color\":\"primary\",\"title_element\":\"h2\",\"title_style\":\"h2\"}},{\"type\":\"table\",\"props\":{\"block_align\":\"center\",\"content_style\":\"text-meta\",\"image_svg_color\":\"emphasis\",\"link_style\":\"default\",\"link_text\":\"Read more\",\"maxwidth\":\"2xlarge\",\"meta_color\":\"primary\",\"meta_style\":\"h4\",\"show_content\":true,\"show_image\":true,\"show_link\":true,\"show_meta\":true,\"show_title\":true,\"table_last_align\":\"right\",\"table_order\":\"3\",\"table_responsive\":\"overflow\",\"table_width_content\":\"\",\"table_width_meta\":\"shrink\",\"table_width_title\":\"\",\"title_style\":\"h4\"},\"children\":[{\"type\":\"table_item\",\"props\":{\"content\":\"\n\n<p>Tarte Tatin aux pommes caram\\u00e9lis\\u00e9es, servie avec une boule de glace \\u00e0 la vanille et un filet de caramel au beurre sal\\u00e9.<\\\/p>\",\"meta\":\"10 \\u20ac\",\"title\":\"Tarte Tatin Caram\\u00e9lis\\u00e9e\"}},{\"type\":\"table_item\",\"props\":{\"content\":\"\n\n<p>Mousse onctueuse au chocolat noir 70%, accompagn\\u00e9e de tuiles aux amandes et d'un coulis de framboises.<\\\/p>\",\"meta\":\"12 \\u20ac\",\"title\":\"Mousse au Chocolat Noir\"}},{\"type\":\"table_item\",\"props\":{\"content\":\"\n\n<p>Panna cotta \\u00e0 la vanille, coulis de fruits rouges et biscuit croquant aux amandes.<\\\/p>\",\"meta\":\"8 \\u20ac\",\"title\":\"Panna Cotta aux Fruits Rouges\"}}]}]}]},{\"name\":\"\",\"type\":\"row\",\"children\":[{\"name\":\"\",\"type\":\"column\",\"props\":{\"image_position\":\"center-center\",\"media_overlay_gradient\":\"\",\"position_sticky_breakpoint\":\"m\",\"width_medium\":\"1-1\"},\"children\":[{\"name\":\"\",\"type\":\"overlay-slider\",\"props\":{\"image_width\":\"1150\",\"link_style\":\"default\",\"link_text\":\"\",\"margin\":\"default\",\"meta_align\":\"below-title\",\"meta_element\":\"div\",\"meta_style\":\"text-meta\",\"nav\":\"dotnav\",\"nav_align\":\"center\",\"nav_breakpoint\":\"\",\"nav_color\":\"\",\"nav_margin\":\"\",\"overlay_hover\":true,\"overlay_link\":true,\"overlay_maxwidth\":\"xlarge\",\"overlay_mode\":\"cover\",\"overlay_position\":\"center\",\"overlay_transition\":\"fade\",\"show_content\":false,\"show_hover_image\":true,\"show_link\":true,\"show_meta\":true,\"show_title\":false,\"slidenav\":\"\",\"slidenav_breakpoint\":\"s\",\"slidenav_color\":\"\",\"slidenav_margin\":\"medium\",\"slidenav_outside_breakpoint\":\"xl\",\"slidenav_outside_color\":\"\",\"slider_autoplay\":false,\"slider_autoplay_interval\":\"5\",\"slider_autoplay_pause\":true,\"slider_center\":true,\"slider_gap\":\"large\",\"slider_height\":\"\",\"slider_sets\":true,\"slider_velocity\":\"0.7\",\"slider_width\":\"fixed\",\"slider_width_default\":\"1-1\",\"slider_width_large\":\"\",\"slider_width_medium\":\"1-2\",\"slider_width_small\":\"3-5\",\"slider_width_xlarge\":\"\",\"text_align\":\"center\",\"title_element\":\"h3\",\"title_hover_style\":\"reset\",\"title_style\":\"h2\"},\"children\":[{\"name\":\"\",\"type\":\"overlay-slider_item\",\"props\":{\"content\":\"\",\"image\":\"wp-content\\\/uploads\\\/yootheme\\\/home-products-01.png\",\"title\":\"Pretzel Rolls\"}},{\"name\":\"\",\"type\":\"overlay-slider_item\",\"props\":{\"content\":\"Lorem ipsum dolor sit amet, consectetuer adipiscing elit. Aenean commodo ligula eget dolor. Aenean massa.\",\"image\":\"wp-content\\\/uploads\\\/yootheme\\\/home-products-02.png\",\"image_alt\":\"\",\"title\":\"Land Bread\"}},{\"name\":\"\",\"type\":\"overlay-slider_item\",\"props\":{\"content\":\"\n\n<p>Lorem ipsum dolor sit amet, consectetuer adipiscing elit. Aenean commodo ligula eget dolor. Aenean massa.<\\\/p>\",\"image\":\"wp-content\\\/uploads\\\/yootheme\\\/home-products-03.png\",\"title\":\"Chocolate Cake\"}},{\"name\":\"\",\"type\":\"overlay-slider_item\",\"props\":{\"content\":\"\n\n<p>Lorem ipsum dolor sit amet, consectetuer adipiscing elit. Aenean commodo ligula eget dolor. Aenean massa.<\\\/p>\",\"image\":\"wp-content\\\/uploads\\\/yootheme\\\/home-products-04.png\",\"title\":\"Prezel\"}},{\"name\":\"\",\"type\":\"overlay-slider_item\",\"props\":{\"content\":\"Lorem ipsum dolor sit amet, consectetuer adipiscing elit. Aenean commodo ligula eget dolor. Aenean massa.\",\"image\":\"wp-content\\\/uploads\\\/yootheme\\\/home-products-05.png\",\"title\":\"Sourdough Bread\"}}]}]}]}]},{\"name\":\"About\",\"type\":\"section\",\"props\":{\"image\":\"\",\"image_effect\":\"parallax\",\"image_parallax_bgy\":\"-200,100\",\"image_parallax_easing\":\"1\",\"image_position\":\"center-center\",\"image_size\":\"cover\",\"image_width\":\"2560\",\"padding\":\"small\",\"style\":\"default\",\"text_color\":\"light\",\"title_breakpoint\":\"xl\",\"title_position\":\"top-left\",\"title_rotation\":\"left\",\"vertical_align\":\"middle\",\"width\":\"\"},\"children\":[{\"type\":\"row\",\"children\":[{\"type\":\"column\",\"props\":{\"image_position\":\"center-center\",\"media_overlay_gradient\":\"\",\"position_sticky_breakpoint\":\"m\"},\"children\":[{\"name\":\"\",\"type\":\"headline\",\"props\":{\"block_align\":\"center\",\"content\":\"Nous trouver\",\"margin\":\"medium\",\"maxwidth\":\"xlarge\",\"text_align\":\"center\",\"title_element\":\"h2\",\"title_style\":\"heading-small\"}},{\"name\":\"\",\"type\":\"text\",\"props\":{\"column_breakpoint\":\"m\",\"content\":\"\n\n<p>Rue de l'\\u00e9glise, 17<br \\\/>La Roche en Ardenne - 6980<\\\/p>\",\"margin\":\"\",\"margin_remove_bottom\":false,\"text_align\":\"center\",\"text_style\":\"lead\"}},{\"type\":\"map\",\"props\":{\"controls\":true,\"dragging\":true,\"height\":\"500\",\"image_svg_color\":\"emphasis\",\"link_style\":\"default\",\"link_text\":\"Read more\",\"margin\":\"default\",\"max_zoom\":18,\"meta_align\":\"below-title\",\"meta_element\":\"div\",\"meta_style\":\"text-meta\",\"min_zoom\":0,\"poi\":false,\"show_content\":true,\"show_image\":true,\"show_link\":true,\"show_meta\":true,\"show_title\":true,\"title_element\":\"h3\",\"title_hover_style\":\"reset\",\"type\":\"roadmap\",\"zoom\":\"17\",\"zooming\":true},\"children\":[{\"type\":\"map_item\",\"props\":{\"location\":\"50.18248805,5.575351189962818\"}}]}]}]}]}],\"version\":\"4.0.0\"} --><\/p>\n","protected":false},"excerpt":{"rendered":"<p>restaurant bistronomique Rue de l&rsquo;\u00e9glise, 17La Roche en Ardenne &#8211; 6980 horaires Lundi au Vendredi 10am \u2013 7pm Samedi 10am \u2013 6pm Dimanche 10am \u2013 6pm La carte cocktails Coco Spice 32 \u20ac Captain Morgan spiced rum, pineaple juice, cocount Tequila sunrise 25 \u20ac Tequila, orange juice, grenadine Cuba libre 12 \u20ac Dark rum, fresh [&hellip;]<\/p>\n","protected":false},"author":1,"featured_media":0,"parent":0,"menu_order":4,"comment_status":"open","ping_status":"open","template":"","meta":{"footnotes":""},"class_list":["post-1","page","type-page","status-publish","hentry"],"acf":[],"_links":{"self":[{"href":"https:\/\/saintmichel.com-own.fr\/index.php?rest_route=\/wp\/v2\/pages\/1","targetHints":{"allow":["GET"]}}],"collection":[{"href":"https:\/\/saintmichel.com-own.fr\/index.php?rest_route=\/wp\/v2\/pages"}],"about":[{"href":"https:\/\/saintmichel.com-own.fr\/index.php?rest_route=\/wp\/v2\/types\/page"}],"author":[{"embeddable":true,"href":"https:\/\/saintmichel.com-own.fr\/index.php?rest_route=\/wp\/v2\/users\/1"}],"replies":[{"embeddable":true,"href":"https:\/\/saintmichel.com-own.fr\/index.php?rest_route=%2Fwp%2Fv2%2Fcomments&post=1"}],"version-history":[{"count":9,"href":"https:\/\/saintmichel.com-own.fr\/index.php?rest_route=\/wp\/v2\/pages\/1\/revisions"}],"predecessor-version":[{"id":1131,"href":"https:\/\/saintmichel.com-own.fr\/index.php?rest_route=\/wp\/v2\/pages\/1\/revisions\/1131"}],"wp:attachment":[{"href":"https:\/\/saintmichel.com-own.fr\/index.php?rest_route=%2Fwp%2Fv2%2Fmedia&parent=1"}],"curies":[{"name":"wp","href":"https:\/\/api.w.org\/{rel}","templated":true}]}}